{"id":1638,"date":"2024-11-08T17:19:01","date_gmt":"2024-11-08T16:19:01","guid":{"rendered":"https:\/\/www.rolfer.in\/?page_id=1638"},"modified":"2026-04-29T21:25:29","modified_gmt":"2026-04-29T20:25:29","slug":"andere-ueber-mich","status":"publish","type":"page","link":"https:\/\/www.rolfer.in\/?page_id=1638","title":{"rendered":"andere \u00fcber mich"},"content":{"rendered":"\n<p>8. November 2024,  Ich kann Birgit von Herzen empfehlen. Sie ist kompetent, einf\u00fchlsam und eine tolle Rolferin. Durch Ihre Arbeit, konnte ich ganz in meinem K\u00f6rper ankommen und Zusammenh\u00e4nge zwischen physischen\/psychischen Themen erkennen, f\u00fchlen und transformieren. Birgit ist voller Weisheit und Lebensfreude, die ansteckend und erhellend ist. Danke daf\u00fcr!&nbsp;  (Tarima)<\/p>\n\n\n\n<p>6.August 2025<\/p>\n\n\n\n<p>Liebe Birgit,<\/p>\n\n\n\n<p>es ist mir wieder eine sehr gro\u00dfe Freude durch die Gegend zu schlendern \ud83d\ude09<\/p>\n\n\n\n<p>Ich merke vor allem dass das Becken wieder schwingt und damit die Beine auch sch\u00f6n lang raush\u00e4ngen und dann auch die Arme nichts mehr zu halten versuchen.<\/p>\n\n\n\n<p>Auch einfach total hilfreich f\u00fcr den Kn\u00f6chel wieder. Also gerne wieder, beizeiten wenn du mal in Berlin bist, ich habe auch dein Newsletterformular ausgef\u00fcllt.<\/p>\n\n\n\n<p><\/p>\n\n\n\n<p>herzliche Gr\u00fc\u00dfe,<\/p>\n\n\n\n<p>C.<\/p>\n","protected":false},"excerpt":{"rendered":"<p>8. November 2024, Ich kann Birgit von Herzen empfehlen. Sie ist kompetent, einf\u00fchlsam und eine tolle Rolferin. Durch Ihre Arbeit, konnte ich ganz in meinem K\u00f6rper ankommen und Zusammenh\u00e4nge zwischen physischen\/psychischen Themen erkennen, f\u00fchlen und transformieren. Birgit ist voller Weisheit und Lebensfreude, die ansteckend und erhellend ist. Danke daf\u00fcr!&nbsp; (Tarima) 6.August 2025 Liebe Birgit, es [&hellip;]<\/p>\n","protected":false},"author":3,"featured_media":0,"parent":0,"menu_order":0,"comment_status":"closed","ping_status":"closed","template":"","meta":{"footnotes":""},"class_list":["post-1638","page","type-page","status-publish","hentry"],"_links":{"self":[{"href":"https:\/\/www.rolfer.in\/index.php?rest_route=\/wp\/v2\/pages\/1638","targetHints":{"allow":["GET"]}}],"collection":[{"href":"https:\/\/www.rolfer.in\/index.php?rest_route=\/wp\/v2\/pages"}],"about":[{"href":"https:\/\/www.rolfer.in\/index.php?rest_route=\/wp\/v2\/types\/page"}],"author":[{"embeddable":true,"href":"https:\/\/www.rolfer.in\/index.php?rest_route=\/wp\/v2\/users\/3"}],"replies":[{"embeddable":true,"href":"https:\/\/www.rolfer.in\/index.php?rest_route=%2Fwp%2Fv2%2Fcomments&post=1638"}],"version-history":[{"count":5,"href":"https:\/\/www.rolfer.in\/index.php?rest_route=\/wp\/v2\/pages\/1638\/revisions"}],"predecessor-version":[{"id":1776,"href":"https:\/\/www.rolfer.in\/index.php?rest_route=\/wp\/v2\/pages\/1638\/revisions\/1776"}],"wp:attachment":[{"href":"https:\/\/www.rolfer.in\/index.php?rest_route=%2Fwp%2Fv2%2Fmedia&parent=1638"}],"curies":[{"name":"wp","href":"https:\/\/api.w.org\/{rel}","templated":true}]}}