{"id":1676,"date":"2025-04-15T10:41:25","date_gmt":"2025-04-15T09:41:25","guid":{"rendered":"https:\/\/www.rolfer.in\/?page_id=1676"},"modified":"2025-12-08T14:53:57","modified_gmt":"2025-12-08T13:53:57","slug":"rolfing-2","status":"publish","type":"page","link":"https:\/\/www.rolfer.in\/?page_id=1676","title":{"rendered":"Rolfing\u00ae \u2013 Struktur, Wahrnehmung und innere Aufrichtung"},"content":{"rendered":"\n<p>Rolfing\u00ae ist eine von <strong>Ida Rolf<\/strong> entwickelte Methode der strukturellen Integration. Sie erkannte fr\u00fch die zentrale Bedeutung der <strong>Faszien<\/strong> f\u00fcr Haltung, Beweglichkeit und Wohlbefinden und verband Intuition mit Wissenschaft. Die von ihr entwickelte <strong>10er-Serie<\/strong> bildet bis heute das Herzst\u00fcck dieser Arbeit: eine klare, bew\u00e4hrte Struktur, um den ganzen K\u00f6rper in Balance zur <strong>Schwerkraft<\/strong> auszurichten.<\/p>\n\n\n\n<p><a href=\"https:\/\/www.rolfing.org\/de\/was-ist-rolfing\">Rolfing\u00ae<\/a> unterst\u00fctzt Dich darin, dich <strong>\u00e4u\u00dferlich wie innerlich aufzurichten<\/strong> \u2013 und die Schwerkraft nicht als Last, sondern als Ressource f\u00fcr Leichtigkeit und Pr\u00e4senz zu nutzen.<\/p>\n\n\n\n<p>Seit 2003 arbeite ich als Rolfer und war von Beginn an in die entstehende <strong><a href=\"https:\/\/www.fasciaresearch.de\/\">Faszienforschung<\/a><\/strong> eingebunden. Die Wissenschaft konnte inzwischen best\u00e4tigen, was Ida Rolf intuitiv erfasste: Faszien sind ein <strong>wahrnehmendes, reagierendes Organ<\/strong>, wesentlich f\u00fcr Form, Haltung und die Art, wie wir uns durch die Welt bewegen.<\/p>\n\n\n\n<p>In meinen Sitzungen arbeite ich nicht nur mit deinem physischen K\u00f6rper, sondern beziehe auch die <strong>tieferen Ebenen der Symptomursachen<\/strong> mit ein. Rolfing\u00ae kann \u2013 wenn du es m\u00f6chtest \u2013 zu einer Reise zu dir selbst werden: zu mehr Klarheit, Verbundenheit und freierem Ausdruck.<\/p>\n\n\n\n<p>Du kannst eine <strong>Einzelsitzung<\/strong> zum Kennenlernen buchen oder die bew\u00e4hrte <strong>10er-Serie<\/strong>, in der dein gesamter K\u00f6rper systematisch begleitet und neu organisiert wird.<\/p>\n\n\n\n<p><\/p>\n","protected":false},"excerpt":{"rendered":"<p>Rolfing\u00ae ist eine von Ida Rolf entwickelte Methode der strukturellen Integration. Sie erkannte fr\u00fch die zentrale Bedeutung der Faszien f\u00fcr Haltung, Beweglichkeit und Wohlbefinden und verband Intuition mit Wissenschaft. Die von ihr entwickelte 10er-Serie bildet bis heute das Herzst\u00fcck dieser Arbeit: eine klare, bew\u00e4hrte Struktur, um den ganzen K\u00f6rper in Balance zur Schwerkraft auszurichten. Rolfing\u00ae [&hellip;]<\/p>\n","protected":false},"author":3,"featured_media":0,"parent":0,"menu_order":0,"comment_status":"closed","ping_status":"closed","template":"","meta":{"footnotes":""},"class_list":["post-1676","page","type-page","status-publish","hentry"],"_links":{"self":[{"href":"https:\/\/www.rolfer.in\/index.php?rest_route=\/wp\/v2\/pages\/1676","targetHints":{"allow":["GET"]}}],"collection":[{"href":"https:\/\/www.rolfer.in\/index.php?rest_route=\/wp\/v2\/pages"}],"about":[{"href":"https:\/\/www.rolfer.in\/index.php?rest_route=\/wp\/v2\/types\/page"}],"author":[{"embeddable":true,"href":"https:\/\/www.rolfer.in\/index.php?rest_route=\/wp\/v2\/users\/3"}],"replies":[{"embeddable":true,"href":"https:\/\/www.rolfer.in\/index.php?rest_route=%2Fwp%2Fv2%2Fcomments&post=1676"}],"version-history":[{"count":5,"href":"https:\/\/www.rolfer.in\/index.php?rest_route=\/wp\/v2\/pages\/1676\/revisions"}],"predecessor-version":[{"id":1721,"href":"https:\/\/www.rolfer.in\/index.php?rest_route=\/wp\/v2\/pages\/1676\/revisions\/1721"}],"wp:attachment":[{"href":"https:\/\/www.rolfer.in\/index.php?rest_route=%2Fwp%2Fv2%2Fmedia&parent=1676"}],"curies":[{"name":"wp","href":"https:\/\/api.w.org\/{rel}","templated":true}]}}