{"id":713,"date":"2020-04-06T22:22:34","date_gmt":"2020-04-06T21:22:34","guid":{"rendered":"https:\/\/www.rolfer.in\/?page_id=713"},"modified":"2024-11-10T22:55:35","modified_gmt":"2024-11-10T21:55:35","slug":"gebet","status":"publish","type":"page","link":"https:\/\/www.rolfer.in\/?page_id=713","title":{"rendered":"BLOG"},"content":{"rendered":"<pre>Sonntag, 10.November 2024<br \/>Ich spiele dieser Tage mit der Vorstellung, da\u00df ich nicht Muskeln, Knochen,<br \/> Organe, Blutgef\u00e4\u00dfe etc bin, sondern der Zwischenraum, also eher die Faszien, das <br \/>was zwischen all diesen K\u00f6rperteilen ist auf die wir normalerweise schauen, \u00fcber <br \/>die wir uns \u00fcblicherweise deffinieren. Wenn ich dieses gro\u00dfe Organ Bindegewebe bin <br \/>, mich dar\u00fcber definiere bzw aus der Position heraus wahrnehme, dann bin ich <br \/>fl\u00fcssig, am St\u00fcck, immer in Bewegung, lasse den Organen und den Muskeln Raum, <br \/>diese dienen mir. Probiert das doch auch aus? und wer Lust auf Erfahrungsaustausch <br \/>hat, kann mich gerne anschreiben : birgit@rolfer.in, Betreff: Zwischenraum<br \/><br \/>Freitag, 8. November 2024<br \/>Morgen wird mein allererstes Interview, welches ich f\u00fcr einen Kongress gegeben<br \/> habe ver\u00f6ffentlicht. \"Wahrhaftig sch\u00f6pferisch SEIN\". Der link zur Anmeldung beim<br \/> Kongress ist: https:\/\/gluecksfrequenz.majakatharinapaffrath.de<br \/>Die Anmeldung lohnt sich! Auch heute gab es zwei wundervolle Interviews mit <br \/>Corinna Borchert und Gwala Gamper. Der direkte Link zum Interview mit mir ist <br \/>dieser: https:\/\/youtu.be\/eWzvphQ7npA<br \/>In der letzte Zeit schiebt es mich .... ich bringe Dinge in ordnung die ich lange <br \/>vor mir hergeschoben habe, ich lasse Dinge los, Projekte und Menschen und diese <br \/>entstehende Klarheit, Sch\u00f6nheit und Einfachheit tut mir gut. Das interview mit der <br \/>wundervollen <a href=\"https:\/\/majakatharinapaffrath.de\">Maja<\/a> hat auch unterst\u00fctzend beigetragen, da\u00df ich wei\u00df was meine <br \/>Aufgabe hier auf der erde ist und ich sch\u00f6pfe jeden tag auf\u00b4s neue aus dem Nichts, <br \/>aus dem Moment. Das erf\u00fcllt mich mit gro\u00dfer Freude und Dankbarkeit.<br \/><br \/>Freitag, der 19. Juli 2024<br \/>Ich schreibe kaum, es ist sooo viel los.<br \/>Kommenden Dienstag darf ich mich in der Hebammenpraxis Stuttgart vorstellen. <br \/>Ich freu mich sehr. Im Speziellen geht es hier um die Behandlung von <br \/>Kaiserschnittnarben, die Arbeit ist so ber\u00fchrend, integrierend und vollendet <br \/>mitunter eine \"unterbrochene\" Geburt. DANKE . Ich begleite Frauen auch in ihrer <br \/>Schwangerschaft. <br \/><br \/>31.1.24<br \/>Ich hab meine ersten Sessions gegeben, arbeite vorerst immer Dienstags im <br \/>JaiJaiMa, ein wirklich wundersch\u00f6ner Ort im Herzen Stuttgarts, direkt mit Blick <br \/>von oben auf die K\u00f6nigstrasse und sehr gut mit den \u00d6ffentlichen zu erreichen.<br \/>Peu \u00e0 peu f\u00fcllen sich die Zeiten, die ich f\u00fcr meine K\u00f6rperarbeit zur Verf\u00fcgung <br \/>stelle und um ehrlich zu sein geniesse ich die Langsamkeit in der das geschieht.<br \/>Parallel bereite ich meinen ersten Onlinekurs vor und dar\u00fcber und darauf freue ich <br \/>mich besonders. Sehr spannend. Ich habe das Gef\u00fchl nun all das was ich im Leben <br \/>gelernt habe weitergeben zu d\u00fcrfen.<br \/><br \/>9.1.2024<br \/>Ich bin zur\u00fcck in Stuttgart und im neuen Jahr gelandet.<br \/>Wunderbar ..... ich kann das Abenteuer bereits sp\u00fcren.<br \/>Nach mehr als 2 Jahren des Loslassens und in mich gehens, ist die Zeit reif wieder <br \/>aufzutauchen. Ein.Same (meiner ;-) ) scheint nun zu keimen ... so zu mindest f\u00fchlt <br \/>es sich gerade an. <br \/><strong><span style=\"color: #800000;\">Ich rolfe wieder!<br \/><\/span><\/strong><span style=\"color: #800000;\"><span style=\"color: #000000;\">Jetzt am kommenden Freitag, der 12.1. um 19: 45 uhr im JaiJaima, K\u00f6nigstr. 78A in <br \/>Stuttgart kann jede\/r die \/der Interesse jhat zu einem kleinen Intro-und Infoabend <br \/>zur Methode kommen. F\u00fcr den Dienstag 23.1. verabrede ich mich dann solange die <br \/>Zeit reicht mit DIR wenn du magst f\u00fcr eine gratis Schnuppersession <br \/><span style=\"color: #800000;\">UND<br \/><strong>Die ersten 6 Menschen die bei mir eine 10er Serie buchen bekommen 400\u20ac Reduktion <br \/>auf den Gesamtpreis. ... na wenn das kein Anreiz ist ;-)<br \/><br \/><\/strong><span style=\"color: #000000;\">Es darf Losgehen! Ich freu mich schon sehr auf Dich und meine geliebte <br \/>K\u00f6rperarbeit.<\/span><\/span><\/span><\/span><br \/><br \/>28.12.2023<br \/>Wow, eine Achterbahn der Gef\u00fchle, so bin ich durch diese dunkelsten Raun\u00e4chte <br \/>gesegelt. Meine Aufregung steigt und ich bin gespannt, was und wer mich heute Abend im JaiJaiMa erwartet. Parallel dazu f\u00fchle ich auch eine freudige Aufregung denn morgen, sehr fr\u00fch, werde in den Zug steigen um mich auf die Reise zu machen : 10 Tage Vipassana.<br \/>Auszeit, Reinigung auf allen Ebenen.<br \/><br \/><br \/>Das kommende Fr\u00fchjahr hat es in sich .... Samen die in meiner Winterhumuserde liegen, wollen zu gegebener Zeit mit ganzer lebenskraft in die Welt geboren sein. Es ist soweit .... ich f\u00fchl und h\u00f6re es schon knistern ..... meine Reise bekommt eine neue Richtung. So spannend. <br \/>Ich bin also bis zum 8. Januar WEG<br \/><br \/>21.12.2023<br \/>Heute habe ich meine Einf\u00fchrungsabende annonciert. Ich f\u00fchle Freude da\u00df ich einen <br \/>guten Ort gefunden habe und ab Januar wieder praktiziere. Ich bin gespannt ob Menschen am 28.12. ins JaiJaiMa kommen werden und wie es hier in Stuttgart l\u00e4uft. <br \/>Die dunkelste Nacht ..... morgen wird es wieder lichter<br \/><br \/>20.12.2023<br \/><br \/>Morgen ist die l\u00e4ngste Nacht, der k\u00fcrzeste Tag<br \/>Wintersonnwende und damit beginnen die Raun\u00e4chte und eine Zeit des nach Innen <br \/>gehens. F\u00fcr mich auf jeden Fall. Eine Wende zeichnet sich in meinem Leben ab. Ich <br \/>habe einen Ort in Stuttgart gefunden an dem ich `Rolfen` werde und ich freue mich <br \/>sehr, denn die K\u00f6rperarbeit f\u00fchlt sich nach einer Heimat an. <br \/>Ich bin meinen Weg aus der Gro\u00dfstadt Berlin hinaus gegangen um bei mir selbst <br \/>anzukommen, ein langer Weg und mein Leben bleibt eine endlose Bewegung .... und es <br \/>bleibt spannend.<\/pre>\n\n\n<p class=\"has-text-color\" style=\"color:#236720\"><\/p>\n","protected":false},"excerpt":{"rendered":"<p>Sonntag, 10.November 2024Ich spiele dieser Tage mit der Vorstellung, da\u00df ich nicht Muskeln, Knochen, Organe, Blutgef\u00e4\u00dfe etc bin, sondern der Zwischenraum, also eher die Faszien, das was zwischen all diesen K\u00f6rperteilen ist auf die wir normalerweise schauen, \u00fcber die wir uns \u00fcblicherweise deffinieren. Wenn ich dieses gro\u00dfe Organ Bindegewebe bin , mich dar\u00fcber definiere bzw [&hellip;]<\/p>\n","protected":false},"author":3,"featured_media":0,"parent":0,"menu_order":1,"comment_status":"closed","ping_status":"closed","template":"","meta":{"footnotes":""},"class_list":["post-713","page","type-page","status-publish","hentry"],"_links":{"self":[{"href":"https:\/\/www.rolfer.in\/index.php?rest_route=\/wp\/v2\/pages\/713","targetHints":{"allow":["GET"]}}],"collection":[{"href":"https:\/\/www.rolfer.in\/index.php?rest_route=\/wp\/v2\/pages"}],"about":[{"href":"https:\/\/www.rolfer.in\/index.php?rest_route=\/wp\/v2\/types\/page"}],"author":[{"embeddable":true,"href":"https:\/\/www.rolfer.in\/index.php?rest_route=\/wp\/v2\/users\/3"}],"replies":[{"embeddable":true,"href":"https:\/\/www.rolfer.in\/index.php?rest_route=%2Fwp%2Fv2%2Fcomments&post=713"}],"version-history":[{"count":26,"href":"https:\/\/www.rolfer.in\/index.php?rest_route=\/wp\/v2\/pages\/713\/revisions"}],"predecessor-version":[{"id":1666,"href":"https:\/\/www.rolfer.in\/index.php?rest_route=\/wp\/v2\/pages\/713\/revisions\/1666"}],"wp:attachment":[{"href":"https:\/\/www.rolfer.in\/index.php?rest_route=%2Fwp%2Fv2%2Fmedia&parent=713"}],"curies":[{"name":"wp","href":"https:\/\/api.w.org\/{rel}","templated":true}]}}